{"id":994,"date":"2025-09-18T08:17:41","date_gmt":"2025-09-18T08:17:41","guid":{"rendered":"https:\/\/globeco.it\/?page_id=994"},"modified":"2025-09-19T09:02:45","modified_gmt":"2025-09-19T09:02:45","slug":"informativa-contatti","status":"publish","type":"page","link":"https:\/\/globeco.it\/en\/informativa-contatti\/","title":{"rendered":"informativa contatti"},"content":{"rendered":"<section class=\"l-section wpb_row height_medium\"><div class=\"l-section-h i-cf\"><div class=\"g-cols vc_row via_grid cols_1 laptops-cols_inherit tablets-cols_inherit mobiles-cols_1 valign_top type_default stacking_default\"><div class=\"wpb_column vc_column_container\"><div class=\"vc_column-inner\"><div class=\"wpb_text_column\"><div class=\"wpb_wrapper\"><p>La informiamo che i dati personali, che lei fornir\u00e0 attraverso la compilazione del presente modulo verranno trattati -manualmente e\/o con mezzi automatizzati \u2013 da Glob Eco srl attraverso i propri addetti alla gestione dei bandi di concorso per rispondere alla Sua richiesta di partecipazione.<\/p>\n<p>Il conferimento dei dati in questione \u00e8 facoltativo, ma Le ricordiamo che in caso di mancato conferimento dei dati ci\u00f2 comporter\u00e0 l\u2019impossibilit\u00e0 di acquisire tutti gli elementi conoscitivi necessari per rispondere alla Sua richiesta di partecipazione. I dati acquisiti potranno anche esser comunicati a societ\u00e0 terze che collaborano con il Titolare in qualit\u00e0 di Responsabili del trattamento ai sensi dell\u2019art. 28 del GDPR per l\u2019erogazione di questo servizio. In tale contesto i Suoi dati potranno essere altres\u00ec oggetto di trasferimento verso terzi incaricati da Glob Eco srl come Responsabili del Trattamento operanti al di fuori dell\u2019Unione Europea sulla base di accordi che incorporano le clausole contrattuali standard definite dalla Commissione Europea a tutela della privacy degli interessati.<\/p>\n<p>I Suoi dati saranno conservati per tutto il tempo strettamente necessario per rispondere alla Sua richiesta di informazioni.<\/p>\n<p>La invitiamo, peraltro, a non indicare dati sensibili ad eccezione di quelli espressamente richiesti nel modulo di contatto e\/o di quelli che siano da Lei ritenuti assolutamente indispensabili.<\/p>\n<p>Per esercitare i diritti di cui all\u2019articolo 13 comma 2 lettere b), c) e d) del GDPR (tra i quali il diritto di ottenere l\u2019indicazione dei dati che La riguardano, l\u2019accesso, l\u2019aggiornamento, la rettifica, la portabilit\u00e0 o la cancellazione degli stessi, nonch\u00e9 la limitazione o l\u2019opposizione al trattamento, la possibilit\u00e0 di proporre un reclamo ad un\u2019autorit\u00e0 di controllo etc.) e specificati dagli articoli 15-21 e 77 del GDPR, Le sar\u00e0 sufficiente scrivere al titolare del trattamento Glob Eco srl \u2013 Via degli Scalpellini, 13 Lotto F4-F5 | 70056 Molfetta BA o al Responsabile della Protezione dei Dati Personali al seguente indirizzo e-mail: info@globeco.info<\/p>\n<\/div><\/div><\/div><\/div><\/div><\/div><\/section>","protected":false},"excerpt":{"rendered":"La informiamo che i dati personali, che lei fornir\u00e0 attraverso la compilazione del presente modulo verranno trattati -manualmente e\/o con mezzi automatizzati \u2013 da Glob Eco srl attraverso i propri addetti alla gestione dei bandi di concorso per rispondere alla Sua richiesta di partecipazione. Il conferimento dei dati in questione \u00e8 facoltativo, ma Le ricordiamo...","protected":false},"author":1,"featured_media":0,"parent":0,"menu_order":0,"comment_status":"closed","ping_status":"closed","template":"","meta":{"footnotes":""},"class_list":["post-994","page","type-page","status-publish","hentry"],"_links":{"self":[{"href":"https:\/\/globeco.it\/en\/wp-json\/wp\/v2\/pages\/994","targetHints":{"allow":["GET"]}}],"collection":[{"href":"https:\/\/globeco.it\/en\/wp-json\/wp\/v2\/pages"}],"about":[{"href":"https:\/\/globeco.it\/en\/wp-json\/wp\/v2\/types\/page"}],"author":[{"embeddable":true,"href":"https:\/\/globeco.it\/en\/wp-json\/wp\/v2\/users\/1"}],"replies":[{"embeddable":true,"href":"https:\/\/globeco.it\/en\/wp-json\/wp\/v2\/comments?post=994"}],"version-history":[{"count":2,"href":"https:\/\/globeco.it\/en\/wp-json\/wp\/v2\/pages\/994\/revisions"}],"predecessor-version":[{"id":1030,"href":"https:\/\/globeco.it\/en\/wp-json\/wp\/v2\/pages\/994\/revisions\/1030"}],"wp:attachment":[{"href":"https:\/\/globeco.it\/en\/wp-json\/wp\/v2\/media?parent=994"}],"curies":[{"name":"wp","href":"https:\/\/api.w.org\/{rel}","templated":true}]}}